{"id":4500,"date":"2020-06-18T10:44:36","date_gmt":"2020-06-18T08:44:36","guid":{"rendered":"https:\/\/www.nuova-idropress.com\/machiunes\/pre-expansor-conico-descontinuo\/"},"modified":"2021-02-02T10:26:15","modified_gmt":"2021-02-02T09:26:15","slug":"pre-expansor-conico-descontinuo","status":"publish","type":"page","link":"https:\/\/www.nuova-idropress.com\/pt-br\/machiunes\/pre-expansor-conico-descontinuo\/","title":{"rendered":"Pr\u00e9-expansor C\u00f4nico Descont\u00ednuo"},"content":{"rendered":"","protected":false},"excerpt":{"rendered":"","protected":false},"author":1,"featured_media":0,"parent":4494,"menu_order":0,"comment_status":"closed","ping_status":"closed","template":"","meta":{"footnotes":""},"class_list":["post-4500","page","type-page","status-publish","hentry"],"_links":{"self":[{"href":"https:\/\/www.nuova-idropress.com\/pt-br\/wp-json\/wp\/v2\/pages\/4500","targetHints":{"allow":["GET"]}}],"collection":[{"href":"https:\/\/www.nuova-idropress.com\/pt-br\/wp-json\/wp\/v2\/pages"}],"about":[{"href":"https:\/\/www.nuova-idropress.com\/pt-br\/wp-json\/wp\/v2\/types\/page"}],"author":[{"embeddable":true,"href":"https:\/\/www.nuova-idropress.com\/pt-br\/wp-json\/wp\/v2\/users\/1"}],"replies":[{"embeddable":true,"href":"https:\/\/www.nuova-idropress.com\/pt-br\/wp-json\/wp\/v2\/comments?post=4500"}],"version-history":[{"count":1,"href":"https:\/\/www.nuova-idropress.com\/pt-br\/wp-json\/wp\/v2\/pages\/4500\/revisions"}],"predecessor-version":[{"id":4501,"href":"https:\/\/www.nuova-idropress.com\/pt-br\/wp-json\/wp\/v2\/pages\/4500\/revisions\/4501"}],"up":[{"embeddable":true,"href":"https:\/\/www.nuova-idropress.com\/pt-br\/wp-json\/wp\/v2\/pages\/4494"}],"wp:attachment":[{"href":"https:\/\/www.nuova-idropress.com\/pt-br\/wp-json\/wp\/v2\/media?parent=4500"}],"curies":[{"name":"wp","href":"https:\/\/api.w.org\/{rel}","templated":true}]}}