{"id":4447,"date":"2019-12-09T11:24:30","date_gmt":"2019-12-09T10:24:30","guid":{"rendered":"https:\/\/www.nuova-idropress.com\/privacy-policy\/"},"modified":"2023-12-15T11:06:58","modified_gmt":"2023-12-15T10:06:58","slug":"privacy-policy","status":"publish","type":"page","link":"https:\/\/www.nuova-idropress.com\/it\/privacy-it\/privacy-policy\/","title":{"rendered":"Privacy Policy"},"content":{"rendered":"\n<h1 class=\"wp-block-heading\">PRIVACY POLICY<\/h1>\n\n\n\n<h2 class=\"wp-block-heading\">Informativa ai sensi articolo 13 e 14 Reg. UE 2016\/679- GDPR<\/h2>\n\n\n\n<p>L\u2019informativa \u00e8 resa ai sensi dell&#8217;art. 13 e 14 della Reg. UE 2016\/679 (Regolamento Europeo per la protezione dei dati personali, GDPR)&nbsp;e della normativa nazionale in materia di protezione dei dati personali.<\/p>\n\n\n\n<p>L\u2019informativa si ispira anche a quanto previsto dalla Direttiva 2002\/58\/CE, come aggiornata dalla\u00a0<a href=\"http:\/\/eur-lex.europa.eu\/LexUriServ\/LexUriServ.do?uri=OJ:L:2009:337:0011:0036:it:PDF\">Direttiva 2009\/136\/CE<\/a>, in materia di Cookies nonch\u00e9 a quanto previsto dal Provvedimento dell\u2019Autorit\u00e0 Garante per la protezione dei dati personali del 08.05.2014 in materia di cookies.<\/p>\n\n\n\n<p>Nel rispetto di quanto previsto dal Reg. UE 2016\/679 vi rendiamo noto che la gestione dei vostri dati e la loro sicurezza vengono garantite con la massima attenzione, conformemente a quanto richiesto dalla suddetta normativa privacy.<\/p>\n\n\n\n<p>L&#8217;informativa non \u00e8 da considerarsi valida per altri siti web eventualmente consultabili tramite <em>links <\/em>presenti sui siti internet a dominio del titolare, che non \u00e8 da considerarsi in alcun modo responsabile dei siti internet dei terzi.<br><br><\/p>\n\n\n\n<h3 class=\"wp-block-heading\">INFORMATIVE SPECIFICHE<\/h3>\n\n\n\n<p>Informative specifiche potrebbero essere presentate nelle pagine del Sito in relazione a particolari servizi o trattamenti dei Dati forniti.<br><br><\/p>\n\n\n\n<h3 class=\"wp-block-heading\">COOKIES<\/h3>\n\n\n\n<p>Per maggiori informazioni sui cookies utilizzati dal presente sito web si veda la cookies policy al seguente <a href=\"http:\/\/www.nuova-idropress.com\/Sezione.jsp?idSezione=229\">link<\/a><br><br><\/p>\n\n\n\n<h3 class=\"wp-block-heading\">TITOLARE DEL TRATTAMENTO<\/h3>\n\n\n\n<p>ai sensi degli artt. 4 e 24 del Reg. UE 2016\/679 \u00e8 Nuova Idropress spa con sede in Via Consolini, 10- 42026 a Ciano d\u2019Enza di Canossa (RE) Italy &#8211; nella persona del legale rappresentante pro-tempore, Tel. 0522-242750- e-mail: \u00a0\u00a0<a href=\"mailto:privacy@nuova-idropress.com\">privacy@nuova-idropress.com<\/a> \u00a0\u00a0\u00a0\u00a0\u00a0<br>\u00a0\u00a0\u00a0\u00a0\u00a0<\/p>\n\n\n\n<h3 class=\"wp-block-heading\">RESPONSABILE DEL TRATTAMENTO<\/h3>\n\n\n\n<p>L\u2019elenco dei Responsabili del trattamento ai sensi degli artt. 4 e 28 del Reg. UE 2016\/679 \u00e8 costantemente aggiornato e disponibile scrivendo a \u00a0<a href=\"mailto:privacy@nuova-idropress.com\">privacy@nuova-idropress.com<\/a>\u00a0o presso la sede legale in Via Consolini, 10- 42026 a Ciano d\u2019Enza di Canossa (RE) Italy.<br><br><\/p>\n\n\n\n<h3 class=\"wp-block-heading\">FINALIT\u00c0 BASE GIURIDICA PER L&#8217;ELABORAZIONE DEI TUOI DATI PERSONALI<\/h3>\n\n\n\n<p>Se provieni dall\u2019 Unione Europea la base legale per la raccolta e l&#8217;utilizzo delle informazioni personali descritte in questa Informativa sulla Privacy dipende dai dati Personali che raccogliamo e dal contesto specifico in cui vengono raccolti.<br>Nuova Idropress spa pu\u00f2 elaborare i tuoi dati personali nei seguenti casi:<\/p>\n\n\n\n<ul class=\"wp-block-list\"><li> Perch\u00e9 dobbiamo eseguire un contratto posto in essere con voi<\/li><li>Perch\u00e9 ci hai dato il consenso per farlo<\/li><li>Il trattamento \u00e8 nei nostri interessi legittimi e non \u00e8 di rango superiore ai tuoi diritti<\/li><li>Per l\u2019elaborazione di pagamenti<\/li><li>Per rispettare la legge<br><br><\/li><\/ul>\n\n\n\n<h3 class=\"wp-block-heading\">A CHI COMUNICHERMO I TUOI DATI?<\/h3>\n\n\n\n<p>I tuoi dati di natura personale forniti saranno comunicati a destinatari, che tratteranno i dati in qualit\u00e0 di responsabili (art. 28 del Reg. UE 2016\/679) e\/o in qualit\u00e0 di persone fisiche che agiscono sotto l\u2019autorit\u00e0 del Titolare e del Responsabile (art. 29 del Reg. UE 2016\/679), per le finalit\u00e0 sopra elencate al punto 1B. Precisamente, i dati saranno comunicati a:<\/p>\n\n\n\n<p>&#8211; alla rete di vendita\/distributiva su territorio; <br>&#8211; soggetti che forniscono servizi per la gestione del sistema informativo e delle reti di comunicazione (ivi compresa la posta elettronica); <br>&#8211; studi o Societ\u00e0 nell\u2019ambito di rapporti di assistenza e consulenza; <br>&#8211; autorit\u00e0 competenti per adempimenti di obblighi di legge e\/o di disposizioni di organi pubblici, su richiesta; <br>&#8211; in caso di finalit\u00e0 amministrativo contabile, i dati potranno eventualmente essere trasmessi a societ\u00e0 di informazione commerciale per la valutazione della solvibilit\u00e0 e delle abitudini di pagamento e\/o a soggetti per finalit\u00e0 di recupero crediti. I soggetti appartenenti alle categorie suddette svolgono la funzione di Responsabile del trattamento dei dati, oppure operano in totale autonomia come distinti Titolari del trattamento. L\u2019elenco dei Responsabili del trattamento \u00e8 costantemente aggiornato e disponibile scrivendo a <a href=\"mailto:privacy@nuova-idropress.com\">privacy@nuova-idropress.com<\/a>\u00a0 o presso la sede legale in Via Consolini, 10- 42026 a Ciano d\u2019Enza di Canossa (RE) Italy<br><br><\/p>\n\n\n\n<h3 class=\"wp-block-heading\">TRASFERIMENTO DATI VERSO UN PAESE TERZO E\/O UN\u2019ORGANIZZAZIONE INTERNAZIONALE E GARANZIE<\/h3>\n\n\n\n<p>I dati di natura personale forniti, potranno essere trasferiti in Paesi appartenenti all\u2019Unione Europea e in Paesi Extra UE, al fine di ottemperare a finalit\u00e0 connesse sopra indicate.<\/p>\n\n\n\n<p>I dati saranno trasferiti in base all\u2019 Articolo 44 &#8211; Principio generale per il trasferimento; Articolo 45 &#8211; Trasferimento sulla base di una decisione di adeguatezza; Articolo 46 &#8211; Trasferimento soggetto a garanzie adeguate, nello specifico i dati saranno trasferiti:<\/p>\n\n\n\n<p>&#8211; verso paesi terzi organizzazioni internazionali per cui la Commissione \u00e8 intervenuta con una valutazione di adeguatezza (art. 45 Reg. UE 2016\/679)<\/p>\n\n\n\n<p>&#8211; verso paesi terzi o organizzazioni internazionali che abbiano fornito garanzie adeguate e presso i quali l\u2019interessato dispone di diritti azionabili e mezzi di ricordo effettivi (art. 46 Reg. UE 2016\/679, anche con clausole contrattuali e le altre disposizioni di cui all\u2019articolo 46, paragrafo 3)<\/p>\n\n\n\n<p>&#8211; verso paesi terzi o organizzazioni internazionali sulla base di norme vincolanti d\u2019impresa per societ\u00e0 facenti parti dello stesso gruppo imprenditoriale (art. 47 Reg. UE 2016\/679)<\/p>\n\n\n\n<p><strong>&#8211; <\/strong>verso paesi terzi organizzazioni internazionali sulla base di deroghe in specifiche situazioni (art. 49 Reg. UE 2016\/679)<\/p>\n\n\n\n<p>L\u2019interessato potr\u00e0 ottenere informazioni circa le garanzie per il trasferimento dati scrivendo una mail all\u2019indirizzo <br><br><\/p>\n\n\n\n<h3 class=\"wp-block-heading\">PER QUANTO TEMPO CONSERVEREMO I TUOI DATI O CRITERI PER DETERMINARE IL PERIODO<\/h3>\n\n\n\n<p>Conserveremo i tuoi dati personali solo per il tempo necessario agli scopi indicati in questa privacy policy. i tuoi Dati personali li Conserveremo e utilizzeremo nella misura necessaria per adempiere ai nostri obblighi legali (ad esempio, se ci viene richiesto di conservare i tuoi dati per conformarci alle leggi applicabili), per risolvere eventuali controversie, per applicare i nostri accordi e le nostre politiche legali. Conserveremo anche i dati di utilizzo per scopi di analisi interna.<\/p>\n\n\n\n<p>I dati di utilizzo vengono generalmente conservati per un periodo di tempo pi\u00f9 breve, tranne quando questi dati vengono utilizzati per rafforzare la sicurezza o per migliorare la funzionalit\u00e0 del servizio, o siamo obbligati a conservarli questi per legge per periodi di tempo pi\u00f9 lunghi.<br><br><\/p>\n\n\n\n<h3 class=\"wp-block-heading\">COME PUOI ESERCITARE I TUOI DIRITTI<\/h3>\n\n\n\n<p>Lei potr\u00e0 far valere i propri diritti come espressi dal Regolamento UE 2016\/679, rivolgendosi al Titolare, inviando una e-mail all\u2019indirizzo &nbsp;<a href=\"mailto:privacy@nuova-idropress.com\">privacy@nuova-idropress.com<\/a> &nbsp;o scrivendo alla sede del Titolare sopra indicata.<\/p>\n\n\n\n<p>Lei ha il diritto, in qualunque momento, di chiedere al Titolare del trattamento l\u2019accesso ai Suoi dati personali (art. 15), la rettifica (art. 16) o la cancellazione (art 17) degli stessi, o la limitazione del trattamento (art 18) o di opporsi al loro trattamento basato sul legittimo interesse (art. 21).<\/p>\n\n\n\n<p>Revoca del consenso. Il trattamento non ha base giuridica nel consenso ma nell\u2019interesse legittimo. Qualora il trattamento sia basato sul consenso, lei ha il diritto di revocare il consenso in qualsiasi momento senza pregiudicare la liceit\u00e0 del trattamento basata sul consenso prestato prima della revoca;<\/p>\n\n\n\n<p>Per opporsi al trattamento e per esercitare gli altri diritti potr\u00e0 scrivere a &nbsp;<a href=\"mailto:privacy@nuova-idropress.com\">privacy@nuova-idropress.com<\/a>&nbsp;&nbsp;&nbsp;&nbsp;&nbsp;&nbsp;&nbsp;&nbsp;&nbsp;&nbsp;&nbsp;&nbsp;&nbsp;&nbsp;&nbsp;&nbsp;&nbsp;&nbsp;&nbsp; &nbsp;<\/p>\n\n\n\n<p>Lei ha il diritto di proporre reclamo a un\u2019autorit\u00e0 di controllo;<\/p>\n\n\n\n<p>La comunicazione di dati personali non \u00e8 un obbligo. Lei \u00e8 libero di fornire i dati personali nelle aree dedicate sul sito. Il mancato conferimento dei dati personali comporta l&#8217;impossibilit\u00e0 di fruire dei servizi offerti dal titolare del trattamento.<\/p>\n\n\n\n<p>Non vi \u00e8 l\u2019esistenza di un processo decisionale automatizzato.<br><br><\/p>\n\n\n\n<h3 class=\"wp-block-heading\">HO ANCORA DELLE DOMANDE<\/h3>\n\n\n\n<p>Per ulteriori informazioni sulla presente informativa o su qualsiasi tematica privacy, o se desideri esercitare i Tuoi diritti o revocare il Tuo consenso, potrai rivolgerti direttamente ai riferimenti indicati nella sezione \u201cChi tratter\u00e0 i miei dati\u201d. Per avere maggiori informazioni puoi inviare mail a <a href=\"mailto:privacy@nuova-idropress.com\">privacy@nuova-idropress.com<\/a><br><br><\/p>\n\n\n\n<p><strong>Data di aggiornamento 23.05.2018<\/strong><br><br><\/p>\n","protected":false},"excerpt":{"rendered":"<p>PRIVACY POLICY Informativa ai sensi articolo 13 e 14 Reg. UE 2016\/679- GDPR L\u2019informativa \u00e8 resa ai sensi dell&#8217;art. 13 e 14 della Reg. UE 2016\/679<span class=\"excerpt-hellip\"> [\u2026]<\/span><\/p>\n","protected":false},"author":1,"featured_media":0,"parent":5299,"menu_order":0,"comment_status":"closed","ping_status":"open","template":"","meta":{"footnotes":""},"class_list":["post-4447","page","type-page","status-publish","hentry"],"_links":{"self":[{"href":"https:\/\/www.nuova-idropress.com\/it\/wp-json\/wp\/v2\/pages\/4447","targetHints":{"allow":["GET"]}}],"collection":[{"href":"https:\/\/www.nuova-idropress.com\/it\/wp-json\/wp\/v2\/pages"}],"about":[{"href":"https:\/\/www.nuova-idropress.com\/it\/wp-json\/wp\/v2\/types\/page"}],"author":[{"embeddable":true,"href":"https:\/\/www.nuova-idropress.com\/it\/wp-json\/wp\/v2\/users\/1"}],"replies":[{"embeddable":true,"href":"https:\/\/www.nuova-idropress.com\/it\/wp-json\/wp\/v2\/comments?post=4447"}],"version-history":[{"count":17,"href":"https:\/\/www.nuova-idropress.com\/it\/wp-json\/wp\/v2\/pages\/4447\/revisions"}],"predecessor-version":[{"id":5592,"href":"https:\/\/www.nuova-idropress.com\/it\/wp-json\/wp\/v2\/pages\/4447\/revisions\/5592"}],"up":[{"embeddable":true,"href":"https:\/\/www.nuova-idropress.com\/it\/wp-json\/wp\/v2\/pages\/5299"}],"wp:attachment":[{"href":"https:\/\/www.nuova-idropress.com\/it\/wp-json\/wp\/v2\/media?parent=4447"}],"curies":[{"name":"wp","href":"https:\/\/api.w.org\/{rel}","templated":true}]}}