{"id":4435,"date":"2020-06-12T15:23:50","date_gmt":"2020-06-12T13:23:50","guid":{"rendered":"https:\/\/www.nuova-idropress.com\/providers\/"},"modified":"2023-12-15T14:38:04","modified_gmt":"2023-12-15T13:38:04","slug":"providers","status":"publish","type":"page","link":"https:\/\/www.nuova-idropress.com\/it\/privacy-it\/providers\/","title":{"rendered":"Providers"},"content":{"rendered":"\n<h1 class=\"wp-block-heading\">Fornitori<\/h1>\n\n\n\n<h2 class=\"wp-block-heading\">Documento informativo articolo 13 \u2013 14 Reg. UE 2016\/679<br>GDPR \u2013 Informativa rivolta ai Fornitori per il trattamento di dati personali raccolti presso l\u2019interessato<\/h2>\n\n\n\n<p>La presente informativa viene resa alle persone fisiche che operano in nome e per conto dei fornitori di Nuova Idropress SpA, nelle persona del legale rappresentante pro-tempore, ai sensi di quanto previsto dagli art. 13 e 14 del Reg. UE 2016\/679 (<a href=\"http:\/\/eur-lex.europa.eu\/legal-content\/IT\/TXT\/HTML\/?uri=CELEX:32016R0679&amp;from=IT\">Regolamento Europeo per la protezione dei dati personali<\/a>) e successiva normativa nazionale di adeguamento, con lo scopo di fornire le dovute informazioni in ordine al trattamento dei dati personali in nostro possesso.<br><br><\/p>\n\n\n\n<h3 class=\"wp-block-heading\">DATI PERSONALI TRATTABILI<\/h3>\n\n\n\n<p>Per \u00abdato personale\u00bb si intende qualsiasi informazione riguardante una persona fisica identificata o identificabile (\u00abinteressato\u00bb); si considera identificabile la persona fisica che pu\u00f2 essere identificata, direttamente o indirettamente, con particolare riferimento a un identificativo come il nome, un numero di identificazione, dati relativi all\u2019ubicazione, un identificativo online o a uno o pi\u00f9 elementi caratteristici della sua identit\u00e0 fisica, fisiologica, genetica, psichica, economica, culturale o sociale;<br><br><\/p>\n\n\n\n<h3 class=\"wp-block-heading\">TITOLARE DEL TRATTAMENTO<\/h3>\n\n\n\n<p>Ai sensi degli artt. 4 e 24 del Reg. UE 2016\/679 \u00e8 Nuova Idropress SpA con sede in Via Consolini, 10 &#8211; 42026 a Ciano d\u2019Enza di Canossa (RE) Italy &#8211; nella persona del legale rappresentante pro-tempore, Tel. 0522-242750 &#8211; e-mail: <a href=\"mailto:privacy@nuova-idropress.com\">privacy@nuova-idropress.com<\/a>;<br><br><\/p>\n\n\n\n<h3 class=\"wp-block-heading\">RESPONSABILE DEL TRATTAMENTO<\/h3>\n\n\n\n<p>L\u2019elenco dei Responsabili del trattamento ai sensi degli artt. 4 e 28 del Reg. UE 2016\/679 \u00e8 costantemente aggiornato e disponibile scrivendo a <a href=\"mailto:privacy@nuova-idropress.com\">privacy@nuova-idropress.com<\/a> o presso la sede legale in Via Consolini, 10 &#8211; 42026 a Ciano d\u2019Enza di Canossa (RE) Italy;<br><br><\/p>\n\n\n\n<h3 class=\"wp-block-heading\">FINALIT\u00c0 E BASE GIURIDICA DEL TRATTAMENTO<\/h3>\n\n\n\n<p>I dati di natura personale forniti, saranno trattati nel rispetto delle condizioni di liceit\u00e0 ex art. 6 b) Reg. UE 2016\/679 per le seguenti finalit\u00e0:<\/p>\n\n\n\n<p>&#8211; adempiere agli obblighi previsti nell\u2019 esecuzione di un contratto o ai fini della conclusione di un contratto e alle attivit\u00e0 amministrative, contabili e pre-contrattuali correlate;<\/p>\n\n\n\n<p>&#8211; assolvere gli obblighi di legge e di contratto;<\/p>\n\n\n\n<p>&#8211; assolvere gli obblighi nei confronti dell&#8217;amministrazione finanziaria;<\/p>\n\n\n\n<p>&#8211; assolvere gli obblighi derivati dal GDPR 679\/2016 e successive norme di adeguamento nazionale;<\/p>\n\n\n\n<p>Rientrano nel campo di applicazione di quanto sopra indicato anche i dati personali forniti spontaneamente dal fornitore interessato in occasione di: visite, contatti telefonici, contatti diretti per partecipazione a mostre o esposizioni o per proposizione di offerte e prodotti commerciali, indipendentemente dal mezzo di comunicazione utilizzato&nbsp; (telefono, telefono cellulare, sms, email, fax, posta cartacea, ecc.).<br><br><\/p>\n\n\n\n<h3 class=\"wp-block-heading\">MODALIT\u00c0 DI TRATTAMENTO DEI DATI PERSONALI<\/h3>\n\n\n\n<p>Nell&#8217;ambito dei trattamenti sopra descritti \u00e8 necessaria la conoscenza e la memorizzazione di dati anagrafici dell&#8217;interessato, nonch\u00e9 l&#8217;acquisizione delle variazioni di tali dati che vorr\u00e0 premurarsi di comunicare non appena verificatesi, al fine di una corretta gestione del rapporto contrattuale<\/p>\n\n\n\n<p>Il trattamento dei Suoi dati personali potr\u00e0 effettuarsi con o senza l\u2019ausilio di strumenti elettronici o comunque automatizzati, informatici o telematici; inoltre, la societ\u00e0, potr\u00e0 trattare gli stessi anche attraverso gli strumenti di lavoro con cui svolge la propria attivit\u00e0 lavorativa (ad esempio, PC Desktop e Portatili, rete internet e intranet, posta elettronica aziendale);<br><br><\/p>\n\n\n\n<h3 class=\"wp-block-heading\">DESTINATARI O CATEGORIE DI DESTINATARI DEI DATI<\/h3>\n\n\n\n<p>I dati di natura personale forniti saranno comunicati a destinatari, che tratteranno i dati in qualit\u00e0 di responsabili (art. 28 del Reg. UE 2016\/679) e\/o in qualit\u00e0 di persone fisiche che agiscono sotto l\u2019autorit\u00e0 del Titolare e del Responsabile (art. 29 del Reg. UE 2016\/679), per le finalit\u00e0 sopra elencate. Precisamente, i dati saranno comunicati a : &#8211; soggetti che forniscono servizi per la gestione del sistema informativo e delle reti di comunicazione (ivi compresa la posta elettronica); &#8211; allo Studio <strong>Dott. Villa Ivan <\/strong>inVia G.B. Venturi 100 42021 Bibbiano (Re) Italy ai fini dell\u2019elaborazione contabile, e trattati da incaricati preposti all\u2019inserimento ed elaborazione dei dati &#8211; studi o Societ\u00e0 nell\u2019ambito di rapporti di assistenza e consulenza; &#8211; autorit\u00e0 competenti per adempimenti di obblighi di legge e\/o di disposizioni di organi pubblici, su richiesta; &#8211; in caso di finalit\u00e0 amministrativo contabile, i dati potranno eventualmente essere trasmessi a societ\u00e0 di informazione commerciale per la valutazione della solvibilit\u00e0 e delle abitudini di pagamento e\/o a soggetti per finalit\u00e0 di recupero crediti. I soggetti appartenenti alle categorie suddette svolgono la funzione di Responsabile del trattamento dei dati, oppure operano in totale autonomia come distinti Titolari del trattamento.<br><br><\/p>\n\n\n\n<h3 class=\"wp-block-heading\">TRASFERIMENTO DATI VERSO UN PAESE TERZO E\/O UN\u2019ORGANIZZAZIONE INTERNAZIONALE E GARANZIE<\/h3>\n\n\n\n<p>I dati di natura personale forniti, saranno trasferiti in Paesi appartenenti all\u2019Unione Europea e in Paesi Extra UE, al fine di ottemperare a finalit\u00e0 connesse sopra indicate. I dati saranno trasferiti in base all\u2019 Articolo 44 &#8211; Principio generale per il trasferimento; Articolo 45 &#8211; Trasferimento sulla base di una decisione di adeguatezza; Articolo 46 &#8211; Trasferimento soggetto a garanzie adeguate, nello specifico i dati saranno trasferiti:<\/p>\n\n\n\n<ul class=\"wp-block-list\"><li>verso paesi terzi organizzazioni internazionali per cui la Commissione \u00e8 intervenuta con una valutazione di adeguatezza (art. 45 Reg. UE 2016\/679)<\/li><li>verso paesi terzi o organizzazioni internazionali che abbiano fornito garanzie adeguate e presso i quali l\u2019interessato dispone di diritti azionabili e mezzi di ricordo effettivi (art. 46 Reg. UE 2016\/679, anche con clausole contrattuali e le altre disposizioni di cui all\u2019articolo 46, paragrafo 3)<\/li><li>verso paesi terzi o organizzazioni internazionali sulla base di norme vincolanti d\u2019impresa per societ\u00e0 facenti parti dello stesso gruppo imprenditoriale (art. 47 Reg. UE 2016\/679)<\/li><li>verso paesi terzi organizzazioni internazionali sulla base di deroghe in specifiche situazioni (art. 49 Reg. UE 2016\/679) L\u2019interessato potr\u00e0 ottenere informazioni circa le garanzie per il trasferimento dati rivolgendosi al titolare del trattamento<br><br><\/li><\/ul>\n\n\n\n<h3 class=\"wp-block-heading\">PERIODO DI CONSERVAZIONE DEI DATI O CRITERI PER DETERMINARE IL PERIODO<\/h3>\n\n\n\n<p>Il trattamento sar\u00e0 svolto in forma automatizzata e manuale, con modalit\u00e0 e strumenti volti a garantire la massima sicurezza e riservatezza, ad opera di soggetti di ci\u00f2 appositamente incaricati.<\/p>\n\n\n\n<p>Nel rispetto di quanto previsto dall\u2019art. 5 comma 1 lett. e) del Reg. UE 2016\/679 i dati personali raccolti verranno conservati in una forma che consenta l\u2019identificazione degli interessati per un arco di tempo non superiore al conseguimento delle finalit\u00e0 per le quali i dati personali sono trattati. La conservazione dei dati di natura personale \u00e8 di 10 anni per obblighi di legge.<br><br><\/p>\n\n\n\n<h3 class=\"wp-block-heading\">DIRITTI DEGLI INTERESSATI<\/h3>\n\n\n\n<p>Lei potr\u00e0 far valere i propri diritti come espressi dal Regolamento UE 2016\/679, rivolgendosi al Titolare, o scrivendo alla sede del Titolare sopra indicata.<\/p>\n\n\n\n<p>Lei ha il diritto, in qualunque momento, di chiedere al Titolare del trattamento l\u2019accesso ai Suoi dati personali (art. 15), la rettifica (art. 16) o la cancellazione (art 17) degli stessi, o la limitazione del trattamento (art 18)<\/p>\n\n\n\n<p>Revoca del consenso: il trattamento non ha base giuridica nel consenso ma nel contratto;<\/p>\n\n\n\n<p>Per opporsi al trattamento e per esercitare gli altri diritti potr\u00e0 rivolgersi al titolare del trattamento<\/p>\n\n\n\n<p>Lei ha il diritto di proporre reclamo a un\u2019autorit\u00e0 di controllo; La comunicazione di dati personali \u00e8 un obbligo contrattuale. Il mancato conferimento dei dati personali comporta l&#8217;impossibilit\u00e0 di concludere il contratto. Non vi \u00e8 l\u2019esistenza di un processo decisionale automatizzato.<br><br><\/p>\n\n\n\n<p>Data di aggiornamento 25-05-2018<br><br><\/p>\n\n\n\n<h4 class=\"wp-block-heading\">Nuova Idropress spa<br>Titolare del Trattamento (legale rappresentante)<br><br><\/h4>\n","protected":false},"excerpt":{"rendered":"<p>Fornitori Documento informativo articolo 13 \u2013 14 Reg. UE 2016\/679GDPR \u2013 Informativa rivolta ai Fornitori per il trattamento di dati personali raccolti presso l\u2019interessato La presente<span class=\"excerpt-hellip\"> [\u2026]<\/span><\/p>\n","protected":false},"author":1,"featured_media":0,"parent":5299,"menu_order":1,"comment_status":"closed","ping_status":"closed","template":"","meta":{"footnotes":""},"class_list":["post-4435","page","type-page","status-publish","hentry"],"_links":{"self":[{"href":"https:\/\/www.nuova-idropress.com\/it\/wp-json\/wp\/v2\/pages\/4435","targetHints":{"allow":["GET"]}}],"collection":[{"href":"https:\/\/www.nuova-idropress.com\/it\/wp-json\/wp\/v2\/pages"}],"about":[{"href":"https:\/\/www.nuova-idropress.com\/it\/wp-json\/wp\/v2\/types\/page"}],"author":[{"embeddable":true,"href":"https:\/\/www.nuova-idropress.com\/it\/wp-json\/wp\/v2\/users\/1"}],"replies":[{"embeddable":true,"href":"https:\/\/www.nuova-idropress.com\/it\/wp-json\/wp\/v2\/comments?post=4435"}],"version-history":[{"count":5,"href":"https:\/\/www.nuova-idropress.com\/it\/wp-json\/wp\/v2\/pages\/4435\/revisions"}],"predecessor-version":[{"id":5684,"href":"https:\/\/www.nuova-idropress.com\/it\/wp-json\/wp\/v2\/pages\/4435\/revisions\/5684"}],"up":[{"embeddable":true,"href":"https:\/\/www.nuova-idropress.com\/it\/wp-json\/wp\/v2\/pages\/5299"}],"wp:attachment":[{"href":"https:\/\/www.nuova-idropress.com\/it\/wp-json\/wp\/v2\/media?parent=4435"}],"curies":[{"name":"wp","href":"https:\/\/api.w.org\/{rel}","templated":true}]}}