{"id":4458,"date":"2020-06-16T16:44:15","date_gmt":"2020-06-16T14:44:15","guid":{"rendered":"https:\/\/www.nuova-idropress.com\/machines\/lignes-de-decoupe-pour-plaques-entierement-automatisees\/"},"modified":"2020-07-07T15:29:55","modified_gmt":"2020-07-07T13:29:55","slug":"lignes-de-decoupe-pour-plaques-entierement-automatisees","status":"publish","type":"page","link":"https:\/\/www.nuova-idropress.com\/fr\/machines\/lignes-de-decoupe-pour-plaques-entierement-automatisees\/","title":{"rendered":"Lignes de d\u00e9coupe pour plaques enti\u00e8rement automatis\u00e9es"},"content":{"rendered":"","protected":false},"excerpt":{"rendered":"","protected":false},"author":1,"featured_media":0,"parent":4382,"menu_order":3,"comment_status":"closed","ping_status":"closed","template":"","meta":{"footnotes":""},"class_list":["post-4458","page","type-page","status-publish","hentry"],"_links":{"self":[{"href":"https:\/\/www.nuova-idropress.com\/fr\/wp-json\/wp\/v2\/pages\/4458","targetHints":{"allow":["GET"]}}],"collection":[{"href":"https:\/\/www.nuova-idropress.com\/fr\/wp-json\/wp\/v2\/pages"}],"about":[{"href":"https:\/\/www.nuova-idropress.com\/fr\/wp-json\/wp\/v2\/types\/page"}],"author":[{"embeddable":true,"href":"https:\/\/www.nuova-idropress.com\/fr\/wp-json\/wp\/v2\/users\/1"}],"replies":[{"embeddable":true,"href":"https:\/\/www.nuova-idropress.com\/fr\/wp-json\/wp\/v2\/comments?post=4458"}],"version-history":[{"count":1,"href":"https:\/\/www.nuova-idropress.com\/fr\/wp-json\/wp\/v2\/pages\/4458\/revisions"}],"predecessor-version":[{"id":4687,"href":"https:\/\/www.nuova-idropress.com\/fr\/wp-json\/wp\/v2\/pages\/4458\/revisions\/4687"}],"up":[{"embeddable":true,"href":"https:\/\/www.nuova-idropress.com\/fr\/wp-json\/wp\/v2\/pages\/4382"}],"wp:attachment":[{"href":"https:\/\/www.nuova-idropress.com\/fr\/wp-json\/wp\/v2\/media?parent=4458"}],"curies":[{"name":"wp","href":"https:\/\/api.w.org\/{rel}","templated":true}]}}